{"id":357,"date":"2025-08-01T10:45:02","date_gmt":"2025-08-01T08:45:02","guid":{"rendered":"https:\/\/fuchet.fr\/?page_id=357"},"modified":"2026-03-08T20:17:06","modified_gmt":"2026-03-08T19:17:06","slug":"mon-fil-dactualites","status":"publish","type":"page","link":"https:\/\/monblog.fuchet.fr\/index.php\/mon-fil-dactualites\/","title":{"rendered":"Mon fil d&rsquo;actualit\u00e9s"},"content":{"rendered":"\n<p class=\"has-text-align-center has-large-font-size\">Le Monde.fr<\/p>\n\n\n\n<div class=\"wp-block-group\"><div class=\"wp-block-group__inner-container is-layout-constrained wp-block-group-is-layout-constrained\">\n<div class=\"wp-block-columns is-layout-flex wp-container-core-columns-is-layout-9d6595d7 wp-block-columns-is-layout-flex\">\n<div class=\"wp-block-column is-layout-flow wp-block-column-is-layout-flow\" style=\"flex-basis:100%\"><ul class=\"is-grid columns-2 has-excerpts wp-block-rss\"><li class='wp-block-rss__item'><div class='wp-block-rss__item-title'><a href='https:\/\/www.lemonde.fr\/politique\/article\/2026\/04\/05\/region-alsace-dix-presidents-de-region-s-opposent-a-la-sortie-du-grand-est-inscrite-dans-une-proposition-de-loi_6676736_823448.html' target=\"_blank\">R\u00e9gion Alsace\u00a0: dix pr\u00e9sidents de r\u00e9gion s\u2019opposent \u00e0 la sortie du Grand-Est inscrite dans une proposition de loi<\/a><\/div><div class=\"wp-block-rss__item-excerpt\">Alors que l\u2019Assembl\u00e9e nationale s\u2019appr\u00eate \u00e0 d\u00e9battre du retour de la r\u00e9gion Alsace, le pr\u00e9sident de Grand-Est, la pr\u00e9sidente de R\u00e9gions de France et de la r\u00e9gion Occitanie, Carole Delga, ou celle de l\u2019Ile-de-France, Val\u00e9rie P\u00e9cresse, d\u00e9noncent un projet qui, selon eux, menace l\u2019unit\u00e9 nationale.<\/div><\/li><li class='wp-block-rss__item'><div class='wp-block-rss__item-title'><a href='https:\/\/www.lemonde.fr\/international\/live\/2026\/04\/05\/en-direct-moyen-orient-plusieurs-hauts-responsables-militaires-iraniens-tues-dans-une-frappe-sur-teheran-annonce-donald-trump_6676633_3210.html' target=\"_blank\">EN DIRECT, Moyen-Orient\u00a0: plusieurs hauts responsables militaires iraniens tu\u00e9s dans une frappe sur T\u00e9h\u00e9ran, annonce\u00a0Donald Trump<\/a><\/div><div class=\"wp-block-rss__item-excerpt\">Le pr\u00e9sident am\u00e9ricain a accompagn\u00e9 son message, publi\u00e9 sur son r\u00e9seau social, d\u2019une vid\u00e9o montrant des explosions nocturnes, sans plus de d\u00e9tails. Il a confirm\u00e9 samedi que l\u2019ultimatum qu\u2019il avait pos\u00e9 \u00e0 T\u00e9h\u00e9ran pour conclure un accord avec Washington ou rouvrir le d\u00e9troit d\u2019Ormuz courait jusqu\u2019au lundi 6\u00a0avril, sans \u00e9voquer le sort du pilote am\u00e9ricain [&hellip;]<\/div><\/li><li class='wp-block-rss__item'><div class='wp-block-rss__item-title'><a href='https:\/\/www.lemonde.fr\/sport\/article\/2026\/04\/04\/le-rc-lens-perd-gros-dans-la-course-au-titre-de-ligue-1-en-s-inclinant-a-lille-dans-le-derby-du-nord_6676694_3243.html' target=\"_blank\">Le RC Lens perd gros dans la course au titre de Ligue 1\u00a0en s\u2019inclinant \u00e0 Lille dans le derby du Nord<\/a><\/div><div class=\"wp-block-rss__item-excerpt\">Les Lensois ont \u00e9t\u00e9 largement domin\u00e9s par leurs rivaux (0-3), samedi soir. Ils pointent \u00e0 pr\u00e9sent \u00e0 quatre longueurs du PSG qui compte un match de moins. Strasbourg s\u2019est impos\u00e9 face \u00e0 Nice (3-1) et Rennes a renou\u00e9 avec le succ\u00e8s \u00e0 Brest (4-3).<\/div><\/li><li class='wp-block-rss__item'><div class='wp-block-rss__item-title'><a href='https:\/\/www.lemonde.fr\/economie\/article\/2026\/04\/04\/reforme-des-titres-restaurant-une-proposition-de-loi-sera-deposee-d-ici-l-ete-annonce-le-ministre-serge-papin_6676703_3234.html' target=\"_blank\">R\u00e9forme des titres-restaurant\u00a0: une proposition de loi sera d\u00e9pos\u00e9e d\u2019ici l\u2019\u00e9t\u00e9, annonce le ministre Serge Papin<\/a><\/div><div class=\"wp-block-rss__item-excerpt\">Cette r\u00e9forme, en gestation depuis plusieurs ann\u00e9es, avait \u00e9t\u00e9 retard\u00e9e par les changements de gouvernement. Parmi les mesures envisag\u00e9es, la p\u00e9rennisation du paiement des courses en supermarch\u00e9, l\u2019utilisation le dimanche ou encore la d\u00e9mat\u00e9rialisation compl\u00e8te.<\/div><\/li><li class='wp-block-rss__item'><div class='wp-block-rss__item-title'><a href='https:\/\/www.lemonde.fr\/international\/article\/2026\/04\/04\/en-chine-le-francais-chan-thao-phoumy-execute-apres-sa-condamnation-en-2010-pour-trafic-de-drogue_6676701_3210.html' target=\"_blank\">En Chine, le Fran\u00e7ais Chan Thao Phoumy ex\u00e9cut\u00e9, apr\u00e8s sa condamnation pour trafic de drogue\u00a0;\u00a0le Quai d\u2019Orsay exprime sa \u00ab consternation \u00bb<\/a><\/div><div class=\"wp-block-rss__item-excerpt\">Ce Fran\u00e7ais de 62\u00a0ans, n\u00e9 au Laos, a \u00e9t\u00e9 ex\u00e9cut\u00e9 samedi \u00ab\u00a0malgr\u00e9 la mobilisation des autorit\u00e9s fran\u00e7aises\u00a0\u00bb, a d\u00e9nonc\u00e9 le Quai d\u2019Orsay, faisant part de sa \u00ab\u00a0consternation\u00a0\u00bb.<\/div><\/li><li class='wp-block-rss__item'><div class='wp-block-rss__item-title'><a href='https:\/\/www.lemonde.fr\/societe\/article\/2026\/04\/04\/a-saint-denis-des-milliers-de-personnes-rassemblees-contre-le-racisme-et-en-soutien-a-bally-bagayoko_6676700_3224.html' target=\"_blank\">A Saint-Denis, des milliers de personnes rassembl\u00e9es contre le racisme et en soutien \u00e0 Bally Bagayoko<\/a><\/div><div class=\"wp-block-rss__item-excerpt\">\u00ab\u00a0R\u00e9sistance\u00a0! R\u00e9sistance\u00a0!\u00a0\u00bb, a scand\u00e9 la foule, compacte et diverse, samedi 4\u00a0avril devant l\u2019h\u00f4tel de ville, r\u00e9p\u00e9tant les mots prononc\u00e9s par le nouveau maire, qui a annonc\u00e9 de prochaines initiatives pour combattre le racisme.<\/div><\/li><li class='wp-block-rss__item'><div class='wp-block-rss__item-title'><a href='https:\/\/www.lemonde.fr\/international\/live\/2026\/04\/04\/en-direct-guerre-en-ukraine-volodymyr-zelensky-a-istanbul-pour-discuter-de-la-securite-energetique-et-des-efforts-de-paix_6675208_3210.html' target=\"_blank\">EN DIRECT, guerre en Ukraine\u00a0: Volodymyr Zelensky en visite \u00e0 Istanbul pour discuter de la s\u00e9curit\u00e9 \u00e9nerg\u00e9tique et des efforts de paix<\/a><\/div><div class=\"wp-block-rss__item-excerpt\">Le pr\u00e9sident turc, Recep Tayyip Erdogan, \u00ab\u00a0a soulign\u00e9 l\u2019importance que la Turquie accorde \u00e0 la s\u00e9curit\u00e9 de la navigation en mer Noire et au caract\u00e8re crucial de la s\u00e9curit\u00e9 de l\u2019approvisionnement \u00e9nerg\u00e9tique\u00a0\u00bb, a affirm\u00e9, samedi soir, son bureau.<\/div><\/li><li class='wp-block-rss__item'><div class='wp-block-rss__item-title'><a href='https:\/\/www.lemonde.fr\/international\/article\/2026\/04\/04\/au-kosovo-la-presidente-du-parlement-devient-presidente-par-interim-en-pleine-crise-politique_6676697_3210.html' target=\"_blank\">Au Kosovo, la pr\u00e9sidente du Parlement, Albulena Haxhiu, devient pr\u00e9sidente par int\u00e9rim\u00a0en pleine crise politique<\/a><\/div><div class=\"wp-block-rss__item-excerpt\">Le parti du premier ministre Albin Kurti n\u2019a pas r\u00e9ussi, en mars, \u00e0 obtenir le soutien n\u00e9cessaire au Parlement, tr\u00e8s divis\u00e9, pour son candidat \u00e0 la pr\u00e9sidence du Kosovo.<\/div><\/li><\/ul><\/div>\n<\/div>\n<\/div><\/div>\n\n\n\n<p class=\"has-text-align-center has-large-font-size\"><\/p>\n","protected":false},"excerpt":{"rendered":"<p>Le Monde.fr<\/p>\n","protected":false},"author":1,"featured_media":0,"parent":0,"menu_order":0,"comment_status":"closed","ping_status":"closed","template":"","meta":{"footnotes":""},"class_list":["post-357","page","type-page","status-publish"],"yoast_head":"<!-- This site is optimized with the Yoast SEO plugin v27.3 - https:\/\/yoast.com\/product\/yoast-seo-wordpress\/ -->\n<title>Mon fil d&#039;actualit\u00e9s - Mon blog<\/title>\n<meta name=\"description\" content=\"Vous trouverez ici mon fil d&#039;actualit\u00e9s.\" \/>\n<meta name=\"robots\" content=\"index, follow, max-snippet:-1, max-image-preview:large, max-video-preview:-1\" \/>\n<link rel=\"canonical\" href=\"https:\/\/monblog.fuchet.fr\/index.php\/mon-fil-dactualites\/\" \/>\n<meta property=\"og:locale\" content=\"fr_FR\" \/>\n<meta property=\"og:type\" content=\"article\" \/>\n<meta property=\"og:title\" content=\"Mon fil d&#039;actualit\u00e9s - Mon blog\" \/>\n<meta property=\"og:description\" content=\"Vous trouverez ici mon fil d&#039;actualit\u00e9s.\" \/>\n<meta property=\"og:url\" content=\"https:\/\/monblog.fuchet.fr\/index.php\/mon-fil-dactualites\/\" \/>\n<meta property=\"og:site_name\" content=\"Mon blog\" \/>\n<meta property=\"article:modified_time\" content=\"2026-03-08T19:17:06+00:00\" \/>\n<meta name=\"twitter:card\" content=\"summary_large_image\" \/>\n<meta name=\"twitter:label1\" content=\"Dur\u00e9e de lecture estim\u00e9e\" \/>\n\t<meta name=\"twitter:data1\" content=\"1 minute\" \/>\n<script type=\"application\/ld+json\" class=\"yoast-schema-graph\">{\"@context\":\"https:\\\/\\\/schema.org\",\"@graph\":[{\"@type\":\"WebPage\",\"@id\":\"https:\\\/\\\/monblog.fuchet.fr\\\/index.php\\\/mon-fil-dactualites\\\/\",\"url\":\"https:\\\/\\\/monblog.fuchet.fr\\\/index.php\\\/mon-fil-dactualites\\\/\",\"name\":\"Mon fil d'actualit\u00e9s - Mon blog\",\"isPartOf\":{\"@id\":\"https:\\\/\\\/monblog.fuchet.fr\\\/#website\"},\"datePublished\":\"2025-08-01T08:45:02+00:00\",\"dateModified\":\"2026-03-08T19:17:06+00:00\",\"description\":\"Vous trouverez ici mon fil d'actualit\u00e9s.\",\"breadcrumb\":{\"@id\":\"https:\\\/\\\/monblog.fuchet.fr\\\/index.php\\\/mon-fil-dactualites\\\/#breadcrumb\"},\"inLanguage\":\"fr-FR\",\"potentialAction\":[{\"@type\":\"ReadAction\",\"target\":[\"https:\\\/\\\/monblog.fuchet.fr\\\/index.php\\\/mon-fil-dactualites\\\/\"]}]},{\"@type\":\"BreadcrumbList\",\"@id\":\"https:\\\/\\\/monblog.fuchet.fr\\\/index.php\\\/mon-fil-dactualites\\\/#breadcrumb\",\"itemListElement\":[{\"@type\":\"ListItem\",\"position\":1,\"name\":\"Accueil\",\"item\":\"https:\\\/\\\/monblog.fuchet.fr\\\/\"},{\"@type\":\"ListItem\",\"position\":2,\"name\":\"Mon fil d&rsquo;actualit\u00e9s\"}]},{\"@type\":\"WebSite\",\"@id\":\"https:\\\/\\\/monblog.fuchet.fr\\\/#website\",\"url\":\"https:\\\/\\\/monblog.fuchet.fr\\\/\",\"name\":\"Mon blog\",\"description\":\"Un bon d\u00e9but\",\"publisher\":{\"@id\":\"https:\\\/\\\/monblog.fuchet.fr\\\/#\\\/schema\\\/person\\\/acf0f2e39d55b35bb63df2d7df28744e\"},\"potentialAction\":[{\"@type\":\"SearchAction\",\"target\":{\"@type\":\"EntryPoint\",\"urlTemplate\":\"https:\\\/\\\/monblog.fuchet.fr\\\/?s={search_term_string}\"},\"query-input\":{\"@type\":\"PropertyValueSpecification\",\"valueRequired\":true,\"valueName\":\"search_term_string\"}}],\"inLanguage\":\"fr-FR\"},{\"@type\":[\"Person\",\"Organization\"],\"@id\":\"https:\\\/\\\/monblog.fuchet.fr\\\/#\\\/schema\\\/person\\\/acf0f2e39d55b35bb63df2d7df28744e\",\"name\":\"Fran\u00e7ois\",\"image\":{\"@type\":\"ImageObject\",\"inLanguage\":\"fr-FR\",\"@id\":\"https:\\\/\\\/monblog.fuchet.fr\\\/wp-content\\\/uploads\\\/2019\\\/12\\\/cropped-cropped-banniere-site-1-1.png\",\"url\":\"https:\\\/\\\/monblog.fuchet.fr\\\/wp-content\\\/uploads\\\/2019\\\/12\\\/cropped-cropped-banniere-site-1-1.png\",\"contentUrl\":\"https:\\\/\\\/monblog.fuchet.fr\\\/wp-content\\\/uploads\\\/2019\\\/12\\\/cropped-cropped-banniere-site-1-1.png\",\"width\":1134,\"height\":340,\"caption\":\"Fran\u00e7ois\"},\"logo\":{\"@id\":\"https:\\\/\\\/monblog.fuchet.fr\\\/wp-content\\\/uploads\\\/2019\\\/12\\\/cropped-cropped-banniere-site-1-1.png\"},\"sameAs\":[\"http:\\\/\\\/monblog.fuchet.fr\"]}]}<\/script>\n<!-- \/ Yoast SEO plugin. -->","yoast_head_json":{"title":"Mon fil d'actualit\u00e9s - Mon blog","description":"Vous trouverez ici mon fil d'actualit\u00e9s.","robots":{"index":"index","follow":"follow","max-snippet":"max-snippet:-1","max-image-preview":"max-image-preview:large","max-video-preview":"max-video-preview:-1"},"canonical":"https:\/\/monblog.fuchet.fr\/index.php\/mon-fil-dactualites\/","og_locale":"fr_FR","og_type":"article","og_title":"Mon fil d'actualit\u00e9s - Mon blog","og_description":"Vous trouverez ici mon fil d'actualit\u00e9s.","og_url":"https:\/\/monblog.fuchet.fr\/index.php\/mon-fil-dactualites\/","og_site_name":"Mon blog","article_modified_time":"2026-03-08T19:17:06+00:00","twitter_card":"summary_large_image","twitter_misc":{"Dur\u00e9e de lecture estim\u00e9e":"1 minute"},"schema":{"@context":"https:\/\/schema.org","@graph":[{"@type":"WebPage","@id":"https:\/\/monblog.fuchet.fr\/index.php\/mon-fil-dactualites\/","url":"https:\/\/monblog.fuchet.fr\/index.php\/mon-fil-dactualites\/","name":"Mon fil d'actualit\u00e9s - Mon blog","isPartOf":{"@id":"https:\/\/monblog.fuchet.fr\/#website"},"datePublished":"2025-08-01T08:45:02+00:00","dateModified":"2026-03-08T19:17:06+00:00","description":"Vous trouverez ici mon fil d'actualit\u00e9s.","breadcrumb":{"@id":"https:\/\/monblog.fuchet.fr\/index.php\/mon-fil-dactualites\/#breadcrumb"},"inLanguage":"fr-FR","potentialAction":[{"@type":"ReadAction","target":["https:\/\/monblog.fuchet.fr\/index.php\/mon-fil-dactualites\/"]}]},{"@type":"BreadcrumbList","@id":"https:\/\/monblog.fuchet.fr\/index.php\/mon-fil-dactualites\/#breadcrumb","itemListElement":[{"@type":"ListItem","position":1,"name":"Accueil","item":"https:\/\/monblog.fuchet.fr\/"},{"@type":"ListItem","position":2,"name":"Mon fil d&rsquo;actualit\u00e9s"}]},{"@type":"WebSite","@id":"https:\/\/monblog.fuchet.fr\/#website","url":"https:\/\/monblog.fuchet.fr\/","name":"Mon blog","description":"Un bon d\u00e9but","publisher":{"@id":"https:\/\/monblog.fuchet.fr\/#\/schema\/person\/acf0f2e39d55b35bb63df2d7df28744e"},"potentialAction":[{"@type":"SearchAction","target":{"@type":"EntryPoint","urlTemplate":"https:\/\/monblog.fuchet.fr\/?s={search_term_string}"},"query-input":{"@type":"PropertyValueSpecification","valueRequired":true,"valueName":"search_term_string"}}],"inLanguage":"fr-FR"},{"@type":["Person","Organization"],"@id":"https:\/\/monblog.fuchet.fr\/#\/schema\/person\/acf0f2e39d55b35bb63df2d7df28744e","name":"Fran\u00e7ois","image":{"@type":"ImageObject","inLanguage":"fr-FR","@id":"https:\/\/monblog.fuchet.fr\/wp-content\/uploads\/2019\/12\/cropped-cropped-banniere-site-1-1.png","url":"https:\/\/monblog.fuchet.fr\/wp-content\/uploads\/2019\/12\/cropped-cropped-banniere-site-1-1.png","contentUrl":"https:\/\/monblog.fuchet.fr\/wp-content\/uploads\/2019\/12\/cropped-cropped-banniere-site-1-1.png","width":1134,"height":340,"caption":"Fran\u00e7ois"},"logo":{"@id":"https:\/\/monblog.fuchet.fr\/wp-content\/uploads\/2019\/12\/cropped-cropped-banniere-site-1-1.png"},"sameAs":["http:\/\/monblog.fuchet.fr"]}]}},"_links":{"self":[{"href":"https:\/\/monblog.fuchet.fr\/index.php\/wp-json\/wp\/v2\/pages\/357","targetHints":{"allow":["GET"]}}],"collection":[{"href":"https:\/\/monblog.fuchet.fr\/index.php\/wp-json\/wp\/v2\/pages"}],"about":[{"href":"https:\/\/monblog.fuchet.fr\/index.php\/wp-json\/wp\/v2\/types\/page"}],"author":[{"embeddable":true,"href":"https:\/\/monblog.fuchet.fr\/index.php\/wp-json\/wp\/v2\/users\/1"}],"replies":[{"embeddable":true,"href":"https:\/\/monblog.fuchet.fr\/index.php\/wp-json\/wp\/v2\/comments?post=357"}],"version-history":[{"count":8,"href":"https:\/\/monblog.fuchet.fr\/index.php\/wp-json\/wp\/v2\/pages\/357\/revisions"}],"predecessor-version":[{"id":462,"href":"https:\/\/monblog.fuchet.fr\/index.php\/wp-json\/wp\/v2\/pages\/357\/revisions\/462"}],"wp:attachment":[{"href":"https:\/\/monblog.fuchet.fr\/index.php\/wp-json\/wp\/v2\/media?parent=357"}],"curies":[{"name":"wp","href":"https:\/\/api.w.org\/{rel}","templated":true}]}}