{"id":2,"date":"2019-12-19T20:49:14","date_gmt":"2019-12-19T19:49:14","guid":{"rendered":"http:\/\/fuchet.fr\/?page_id=2"},"modified":"2026-03-08T14:08:42","modified_gmt":"2026-03-08T13:08:42","slug":"hebergement-en-france","status":"publish","type":"page","link":"https:\/\/monblog.fuchet.fr\/","title":{"rendered":"Un blog de plus"},"content":{"rendered":"\n<p><strong>Aujourd\u2019hui &#8211; <\/strong>Un nouveau souffle. <\/p>\n\n\n\n<p>Apr\u00e8s des ann\u00e9es de fonctionnement sur un h\u00e9bergement mutualis\u00e9 OVH, j\u2019ai voulu prendre mon ind\u00e9pendance en allant vers un auto-h\u00e9bergement.<br \/>L&rsquo;\u00e2ge faisant, le besoin de retrouver une certaine ind\u00e9pendance et surtout l&rsquo;envie de construire quelque chose de plus personnel.<br \/>Je sais que le sujet int\u00e9resse de plus en plus, le fait de d\u00e9pendre de moins en moins des infrastructures CLOUD a fait grimper mon niveau de motivation.<\/p>\n\n\n<div class=\"wp-block-image\">\n<figure class=\"aligncenter size-full is-resized\"><img loading=\"lazy\" decoding=\"async\" width=\"641\" height=\"350\" src=\"https:\/\/monblog.fuchet.fr\/wp-content\/uploads\/2026\/03\/image.png\" alt=\"\" class=\"wp-image-434\" style=\"width:641px;height:auto\" srcset=\"https:\/\/monblog.fuchet.fr\/wp-content\/uploads\/2026\/03\/image.png 641w, https:\/\/monblog.fuchet.fr\/wp-content\/uploads\/2026\/03\/image-300x164.png 300w\" sizes=\"auto, (max-width: 641px) 100vw, 641px\" \/><\/figure>\n<\/div>\n\n\n<p><strong>Avant&#8230; 2019<\/strong> &#8211; L&rsquo;id\u00e9e est simple &#8211; m&rsquo;exercer \u00e0 <a href=\"https:\/\/wordpress.com\/\" target=\"_blank\" rel=\"noreferrer noopener\">WordPress<\/a>, aux techniques de r\u00e9f\u00e9rencement de sites pour aider une association.<br \/>J&rsquo;en profite donc pour publier quelques articles relatant mon exp\u00e9rience personnelle sur des sujets qui m&rsquo;int\u00e9ressent et pour lesquels je n&rsquo;ai pas trouv\u00e9 de litt\u00e9rature pr\u00e9cise et r\u00e9cente.<br \/>Au passage ce blog va me permettre de garder une trace des sujets trait\u00e9s.<\/p>\n\n\n\n<p>Si ces premiers articles aident au moins quelqu&rsquo;un, j&rsquo;ai gagn\u00e9.<br><br>N&rsquo;h\u00e9sitez pas \u00e0 laisser des commentaires ou \u00e0 poser des questions, je me ferai un plaisir d&rsquo;y r\u00e9pondre.<\/p>\n\n\n\n<hr class=\"wp-block-separator has-css-opacity\"\/>\n","protected":false},"excerpt":{"rendered":"<p>Aujourd\u2019hui &#8211; Un nouveau souffle. Apr\u00e8s des ann\u00e9es de fonctionnement sur un h\u00e9bergement mutualis\u00e9 OVH, j\u2019ai voulu prendre mon ind\u00e9pendance en allant vers un auto-h\u00e9bergement.L&rsquo;\u00e2ge faisant, le besoin de retrouver une certaine ind\u00e9pendance et surtout l&rsquo;envie de construire quelque chose de plus personnel.Je sais que le sujet int\u00e9resse de plus en plus, le fait de &#8230; <a title=\"Un blog de plus\" class=\"read-more\" href=\"https:\/\/monblog.fuchet.fr\/\" aria-label=\"En savoir plus sur Un blog de plus\">Lire la suite<\/a><\/p>\n","protected":false},"author":2,"featured_media":0,"parent":0,"menu_order":0,"comment_status":"closed","ping_status":"open","template":"","meta":{"footnotes":""},"class_list":["post-2","page","type-page","status-publish"],"yoast_head":"<!-- This site is optimized with the Yoast SEO plugin v27.3 - https:\/\/yoast.com\/product\/yoast-seo-wordpress\/ -->\n<title>Un blog de plus - Mon blog - Un bon d\u00e9but<\/title>\n<meta name=\"description\" content=\"L&#039;id\u00e9e est simple - m&#039;exercer \u00e0 WordPress, aux techniques de r\u00e9f\u00e9rencement de sites pour aider une association.\" \/>\n<meta name=\"robots\" content=\"index, follow, max-snippet:-1, max-image-preview:large, max-video-preview:-1\" \/>\n<link rel=\"canonical\" href=\"https:\/\/monblog.fuchet.fr\/\" \/>\n<meta property=\"og:locale\" content=\"fr_FR\" \/>\n<meta property=\"og:type\" content=\"article\" \/>\n<meta property=\"og:title\" content=\"Un blog de plus - Mon blog - Un bon d\u00e9but\" \/>\n<meta property=\"og:description\" content=\"L&#039;id\u00e9e est simple - m&#039;exercer \u00e0 WordPress, aux techniques de r\u00e9f\u00e9rencement de sites pour aider une association.\" \/>\n<meta property=\"og:url\" content=\"https:\/\/monblog.fuchet.fr\/\" \/>\n<meta property=\"og:site_name\" content=\"Mon blog\" \/>\n<meta property=\"article:modified_time\" content=\"2026-03-08T13:08:42+00:00\" \/>\n<meta property=\"og:image\" content=\"https:\/\/monblog.fuchet.fr\/wp-content\/uploads\/2026\/03\/image.png\" \/>\n\t<meta property=\"og:image:width\" content=\"641\" \/>\n\t<meta property=\"og:image:height\" content=\"350\" \/>\n\t<meta property=\"og:image:type\" content=\"image\/png\" \/>\n<meta name=\"twitter:card\" content=\"summary_large_image\" \/>\n<meta name=\"twitter:label1\" content=\"Dur\u00e9e de lecture estim\u00e9e\" \/>\n\t<meta name=\"twitter:data1\" content=\"2 minutes\" \/>\n<script type=\"application\/ld+json\" class=\"yoast-schema-graph\">{\"@context\":\"https:\\\/\\\/schema.org\",\"@graph\":[{\"@type\":\"WebPage\",\"@id\":\"https:\\\/\\\/monblog.fuchet.fr\\\/\",\"url\":\"https:\\\/\\\/monblog.fuchet.fr\\\/\",\"name\":\"Un blog de plus - Mon blog - Un bon d\u00e9but\",\"isPartOf\":{\"@id\":\"https:\\\/\\\/monblog.fuchet.fr\\\/#website\"},\"primaryImageOfPage\":{\"@id\":\"https:\\\/\\\/monblog.fuchet.fr\\\/#primaryimage\"},\"image\":{\"@id\":\"https:\\\/\\\/monblog.fuchet.fr\\\/#primaryimage\"},\"thumbnailUrl\":\"https:\\\/\\\/monblog.fuchet.fr\\\/wp-content\\\/uploads\\\/2026\\\/03\\\/image.png\",\"datePublished\":\"2019-12-19T19:49:14+00:00\",\"dateModified\":\"2026-03-08T13:08:42+00:00\",\"description\":\"L'id\u00e9e est simple - m'exercer \u00e0 WordPress, aux techniques de r\u00e9f\u00e9rencement de sites pour aider une association.\",\"breadcrumb\":{\"@id\":\"https:\\\/\\\/monblog.fuchet.fr\\\/#breadcrumb\"},\"inLanguage\":\"fr-FR\",\"potentialAction\":[{\"@type\":\"ReadAction\",\"target\":[\"https:\\\/\\\/monblog.fuchet.fr\\\/\"]}]},{\"@type\":\"ImageObject\",\"inLanguage\":\"fr-FR\",\"@id\":\"https:\\\/\\\/monblog.fuchet.fr\\\/#primaryimage\",\"url\":\"https:\\\/\\\/monblog.fuchet.fr\\\/wp-content\\\/uploads\\\/2026\\\/03\\\/image.png\",\"contentUrl\":\"https:\\\/\\\/monblog.fuchet.fr\\\/wp-content\\\/uploads\\\/2026\\\/03\\\/image.png\",\"width\":641,\"height\":350,\"caption\":\"Geek - tee-shirt sale, cheveux gars\"},{\"@type\":\"BreadcrumbList\",\"@id\":\"https:\\\/\\\/monblog.fuchet.fr\\\/#breadcrumb\",\"itemListElement\":[{\"@type\":\"ListItem\",\"position\":1,\"name\":\"Accueil\",\"item\":\"https:\\\/\\\/monblog.fuchet.fr\\\/\"},{\"@type\":\"ListItem\",\"position\":2,\"name\":\"Un blog de plus\"}]},{\"@type\":\"WebSite\",\"@id\":\"https:\\\/\\\/monblog.fuchet.fr\\\/#website\",\"url\":\"https:\\\/\\\/monblog.fuchet.fr\\\/\",\"name\":\"Mon blog\",\"description\":\"Un bon d\u00e9but\",\"publisher\":{\"@id\":\"https:\\\/\\\/monblog.fuchet.fr\\\/#\\\/schema\\\/person\\\/acf0f2e39d55b35bb63df2d7df28744e\"},\"potentialAction\":[{\"@type\":\"SearchAction\",\"target\":{\"@type\":\"EntryPoint\",\"urlTemplate\":\"https:\\\/\\\/monblog.fuchet.fr\\\/?s={search_term_string}\"},\"query-input\":{\"@type\":\"PropertyValueSpecification\",\"valueRequired\":true,\"valueName\":\"search_term_string\"}}],\"inLanguage\":\"fr-FR\"},{\"@type\":[\"Person\",\"Organization\"],\"@id\":\"https:\\\/\\\/monblog.fuchet.fr\\\/#\\\/schema\\\/person\\\/acf0f2e39d55b35bb63df2d7df28744e\",\"name\":\"Fran\u00e7ois\",\"image\":{\"@type\":\"ImageObject\",\"inLanguage\":\"fr-FR\",\"@id\":\"https:\\\/\\\/monblog.fuchet.fr\\\/wp-content\\\/uploads\\\/2019\\\/12\\\/cropped-cropped-banniere-site-1-1.png\",\"url\":\"https:\\\/\\\/monblog.fuchet.fr\\\/wp-content\\\/uploads\\\/2019\\\/12\\\/cropped-cropped-banniere-site-1-1.png\",\"contentUrl\":\"https:\\\/\\\/monblog.fuchet.fr\\\/wp-content\\\/uploads\\\/2019\\\/12\\\/cropped-cropped-banniere-site-1-1.png\",\"width\":1134,\"height\":340,\"caption\":\"Fran\u00e7ois\"},\"logo\":{\"@id\":\"https:\\\/\\\/monblog.fuchet.fr\\\/wp-content\\\/uploads\\\/2019\\\/12\\\/cropped-cropped-banniere-site-1-1.png\"},\"sameAs\":[\"http:\\\/\\\/monblog.fuchet.fr\"]}]}<\/script>\n<!-- \/ Yoast SEO plugin. -->","yoast_head_json":{"title":"Un blog de plus - Mon blog - Un bon d\u00e9but","description":"L'id\u00e9e est simple - m'exercer \u00e0 WordPress, aux techniques de r\u00e9f\u00e9rencement de sites pour aider une association.","robots":{"index":"index","follow":"follow","max-snippet":"max-snippet:-1","max-image-preview":"max-image-preview:large","max-video-preview":"max-video-preview:-1"},"canonical":"https:\/\/monblog.fuchet.fr\/","og_locale":"fr_FR","og_type":"article","og_title":"Un blog de plus - Mon blog - Un bon d\u00e9but","og_description":"L'id\u00e9e est simple - m'exercer \u00e0 WordPress, aux techniques de r\u00e9f\u00e9rencement de sites pour aider une association.","og_url":"https:\/\/monblog.fuchet.fr\/","og_site_name":"Mon blog","article_modified_time":"2026-03-08T13:08:42+00:00","og_image":[{"width":641,"height":350,"url":"https:\/\/monblog.fuchet.fr\/wp-content\/uploads\/2026\/03\/image.png","type":"image\/png"}],"twitter_card":"summary_large_image","twitter_misc":{"Dur\u00e9e de lecture estim\u00e9e":"2 minutes"},"schema":{"@context":"https:\/\/schema.org","@graph":[{"@type":"WebPage","@id":"https:\/\/monblog.fuchet.fr\/","url":"https:\/\/monblog.fuchet.fr\/","name":"Un blog de plus - Mon blog - Un bon d\u00e9but","isPartOf":{"@id":"https:\/\/monblog.fuchet.fr\/#website"},"primaryImageOfPage":{"@id":"https:\/\/monblog.fuchet.fr\/#primaryimage"},"image":{"@id":"https:\/\/monblog.fuchet.fr\/#primaryimage"},"thumbnailUrl":"https:\/\/monblog.fuchet.fr\/wp-content\/uploads\/2026\/03\/image.png","datePublished":"2019-12-19T19:49:14+00:00","dateModified":"2026-03-08T13:08:42+00:00","description":"L'id\u00e9e est simple - m'exercer \u00e0 WordPress, aux techniques de r\u00e9f\u00e9rencement de sites pour aider une association.","breadcrumb":{"@id":"https:\/\/monblog.fuchet.fr\/#breadcrumb"},"inLanguage":"fr-FR","potentialAction":[{"@type":"ReadAction","target":["https:\/\/monblog.fuchet.fr\/"]}]},{"@type":"ImageObject","inLanguage":"fr-FR","@id":"https:\/\/monblog.fuchet.fr\/#primaryimage","url":"https:\/\/monblog.fuchet.fr\/wp-content\/uploads\/2026\/03\/image.png","contentUrl":"https:\/\/monblog.fuchet.fr\/wp-content\/uploads\/2026\/03\/image.png","width":641,"height":350,"caption":"Geek - tee-shirt sale, cheveux gars"},{"@type":"BreadcrumbList","@id":"https:\/\/monblog.fuchet.fr\/#breadcrumb","itemListElement":[{"@type":"ListItem","position":1,"name":"Accueil","item":"https:\/\/monblog.fuchet.fr\/"},{"@type":"ListItem","position":2,"name":"Un blog de plus"}]},{"@type":"WebSite","@id":"https:\/\/monblog.fuchet.fr\/#website","url":"https:\/\/monblog.fuchet.fr\/","name":"Mon blog","description":"Un bon d\u00e9but","publisher":{"@id":"https:\/\/monblog.fuchet.fr\/#\/schema\/person\/acf0f2e39d55b35bb63df2d7df28744e"},"potentialAction":[{"@type":"SearchAction","target":{"@type":"EntryPoint","urlTemplate":"https:\/\/monblog.fuchet.fr\/?s={search_term_string}"},"query-input":{"@type":"PropertyValueSpecification","valueRequired":true,"valueName":"search_term_string"}}],"inLanguage":"fr-FR"},{"@type":["Person","Organization"],"@id":"https:\/\/monblog.fuchet.fr\/#\/schema\/person\/acf0f2e39d55b35bb63df2d7df28744e","name":"Fran\u00e7ois","image":{"@type":"ImageObject","inLanguage":"fr-FR","@id":"https:\/\/monblog.fuchet.fr\/wp-content\/uploads\/2019\/12\/cropped-cropped-banniere-site-1-1.png","url":"https:\/\/monblog.fuchet.fr\/wp-content\/uploads\/2019\/12\/cropped-cropped-banniere-site-1-1.png","contentUrl":"https:\/\/monblog.fuchet.fr\/wp-content\/uploads\/2019\/12\/cropped-cropped-banniere-site-1-1.png","width":1134,"height":340,"caption":"Fran\u00e7ois"},"logo":{"@id":"https:\/\/monblog.fuchet.fr\/wp-content\/uploads\/2019\/12\/cropped-cropped-banniere-site-1-1.png"},"sameAs":["http:\/\/monblog.fuchet.fr"]}]}},"_links":{"self":[{"href":"https:\/\/monblog.fuchet.fr\/index.php\/wp-json\/wp\/v2\/pages\/2","targetHints":{"allow":["GET"]}}],"collection":[{"href":"https:\/\/monblog.fuchet.fr\/index.php\/wp-json\/wp\/v2\/pages"}],"about":[{"href":"https:\/\/monblog.fuchet.fr\/index.php\/wp-json\/wp\/v2\/types\/page"}],"author":[{"embeddable":true,"href":"https:\/\/monblog.fuchet.fr\/index.php\/wp-json\/wp\/v2\/users\/2"}],"replies":[{"embeddable":true,"href":"https:\/\/monblog.fuchet.fr\/index.php\/wp-json\/wp\/v2\/comments?post=2"}],"version-history":[{"count":28,"href":"https:\/\/monblog.fuchet.fr\/index.php\/wp-json\/wp\/v2\/pages\/2\/revisions"}],"predecessor-version":[{"id":440,"href":"https:\/\/monblog.fuchet.fr\/index.php\/wp-json\/wp\/v2\/pages\/2\/revisions\/440"}],"wp:attachment":[{"href":"https:\/\/monblog.fuchet.fr\/index.php\/wp-json\/wp\/v2\/media?parent=2"}],"curies":[{"name":"wp","href":"https:\/\/api.w.org\/{rel}","templated":true}]}}