{"id":167,"date":"2020-01-31T21:33:56","date_gmt":"2020-01-31T20:33:56","guid":{"rendered":"https:\/\/fuchet.fr\/?page_id=167"},"modified":"2026-03-08T20:15:35","modified_gmt":"2026-03-08T19:15:35","slug":"tous-les-articles","status":"publish","type":"page","link":"https:\/\/monblog.fuchet.fr\/index.php\/tous-les-articles\/","title":{"rendered":"Tous les articles"},"content":{"rendered":"<ul class=\"wp-block-latest-posts__list wp-block-latest-posts\"><li><a class=\"wp-block-latest-posts__post-title\" href=\"https:\/\/monblog.fuchet.fr\/index.php\/2021\/10\/12\/ovh-mutualise-mise-a-jour-nextcloud-19-0-4-vers-21-0-5\/\">OVH Mutualis\u00e9 \u2013 Mise \u00e0 jour Nextcloud 19.0.4 vers 21.0.5<\/a><\/li>\n<li><a class=\"wp-block-latest-posts__post-title\" href=\"https:\/\/monblog.fuchet.fr\/index.php\/2020\/10\/31\/ovh-mutualise-mise-a-jour-nextcloud-19-0-4\/\">OVH Mutualis\u00e9 \u2013 Mise \u00e0 jour Nextcloud 19.0.4<\/a><\/li>\n<li><a class=\"wp-block-latest-posts__post-title\" href=\"https:\/\/monblog.fuchet.fr\/index.php\/2020\/10\/27\/messagerie-integree-a-nextcloud\/\">Messagerie int\u00e9gr\u00e9e \u00e0 NextCloud ?<\/a><\/li>\n<li><a class=\"wp-block-latest-posts__post-title\" href=\"https:\/\/monblog.fuchet.fr\/index.php\/2020\/05\/02\/ovh-mutualise-mise-a-jour-nextcloud-18-0-4\/\">OVH Mutualis\u00e9 &#8211; Mise \u00e0 jour Nextcloud 18.0.4<\/a><\/li>\n<li><a class=\"wp-block-latest-posts__post-title\" href=\"https:\/\/monblog.fuchet.fr\/index.php\/2020\/02\/07\/lentete-strict-transport-security\/\">L&rsquo;ent\u00eate Strict-Transport-Security<\/a><\/li>\n<li><a class=\"wp-block-latest-posts__post-title\" href=\"https:\/\/monblog.fuchet.fr\/index.php\/2020\/01\/10\/ovh-mutualise-migration-nextcloud-17-0-2\/\">OVH mutualis\u00e9 &#8211; migration Nextcloud 17.0.2<\/a><\/li>\n<li><a class=\"wp-block-latest-posts__post-title\" href=\"https:\/\/monblog.fuchet.fr\/index.php\/2020\/01\/09\/php-sur-mutu-ovh\/\">PHP sur mutu OVH<\/a><\/li>\n<li><a class=\"wp-block-latest-posts__post-title\" href=\"https:\/\/monblog.fuchet.fr\/index.php\/2020\/01\/02\/donnees-personnelles\/\">Donn\u00e9es personnelles<\/a><\/li>\n<li><a class=\"wp-block-latest-posts__post-title\" href=\"https:\/\/monblog.fuchet.fr\/index.php\/2019\/12\/28\/une-erreur-sur-le-cache-memoire\/\">Une erreur sur le cache m\u00e9moire<\/a><\/li>\n<li><a class=\"wp-block-latest-posts__post-title\" href=\"https:\/\/monblog.fuchet.fr\/index.php\/2019\/12\/27\/nextcloud-cest-quoi\/\">Nextcloud, c&rsquo;est quoi ?<\/a><\/li>\n<li><a class=\"wp-block-latest-posts__post-title\" href=\"https:\/\/monblog.fuchet.fr\/index.php\/2019\/12\/19\/nextcloud-un-mutualise-ovh\/\">Nextcloud sur un mutualis\u00e9 OVH<\/a><\/li>\n<\/ul>","protected":false},"excerpt":{"rendered":"","protected":false},"author":2,"featured_media":0,"parent":0,"menu_order":0,"comment_status":"closed","ping_status":"closed","template":"","meta":{"footnotes":""},"class_list":["post-167","page","type-page","status-publish"],"yoast_head":"<!-- This site is optimized with the Yoast SEO plugin v27.3 - https:\/\/yoast.com\/product\/yoast-seo-wordpress\/ -->\n<title>Tous les articles - Mon blog<\/title>\n<meta name=\"description\" content=\"Vous trouverez ici les liste de tous les articles regroup\u00e9s par mois\/ann\u00e9es.\" \/>\n<meta name=\"robots\" content=\"index, follow, max-snippet:-1, max-image-preview:large, max-video-preview:-1\" \/>\n<link rel=\"canonical\" href=\"https:\/\/monblog.fuchet.fr\/index.php\/tous-les-articles\/\" \/>\n<meta property=\"og:locale\" content=\"fr_FR\" \/>\n<meta property=\"og:type\" content=\"article\" \/>\n<meta property=\"og:title\" content=\"Tous les articles - Mon blog\" \/>\n<meta property=\"og:description\" content=\"Vous trouverez ici les liste de tous les articles regroup\u00e9s par mois\/ann\u00e9es.\" \/>\n<meta property=\"og:url\" content=\"https:\/\/monblog.fuchet.fr\/index.php\/tous-les-articles\/\" \/>\n<meta property=\"og:site_name\" content=\"Mon blog\" \/>\n<meta property=\"article:modified_time\" content=\"2026-03-08T19:15:35+00:00\" \/>\n<meta name=\"twitter:card\" content=\"summary_large_image\" \/>\n<script type=\"application\/ld+json\" class=\"yoast-schema-graph\">{\"@context\":\"https:\\\/\\\/schema.org\",\"@graph\":[{\"@type\":\"WebPage\",\"@id\":\"https:\\\/\\\/monblog.fuchet.fr\\\/index.php\\\/tous-les-articles\\\/\",\"url\":\"https:\\\/\\\/monblog.fuchet.fr\\\/index.php\\\/tous-les-articles\\\/\",\"name\":\"Tous les articles - Mon blog\",\"isPartOf\":{\"@id\":\"https:\\\/\\\/monblog.fuchet.fr\\\/#website\"},\"datePublished\":\"2020-01-31T20:33:56+00:00\",\"dateModified\":\"2026-03-08T19:15:35+00:00\",\"description\":\"Vous trouverez ici les liste de tous les articles regroup\u00e9s par mois\\\/ann\u00e9es.\",\"breadcrumb\":{\"@id\":\"https:\\\/\\\/monblog.fuchet.fr\\\/index.php\\\/tous-les-articles\\\/#breadcrumb\"},\"inLanguage\":\"fr-FR\",\"potentialAction\":[{\"@type\":\"ReadAction\",\"target\":[\"https:\\\/\\\/monblog.fuchet.fr\\\/index.php\\\/tous-les-articles\\\/\"]}]},{\"@type\":\"BreadcrumbList\",\"@id\":\"https:\\\/\\\/monblog.fuchet.fr\\\/index.php\\\/tous-les-articles\\\/#breadcrumb\",\"itemListElement\":[{\"@type\":\"ListItem\",\"position\":1,\"name\":\"Accueil\",\"item\":\"https:\\\/\\\/monblog.fuchet.fr\\\/\"},{\"@type\":\"ListItem\",\"position\":2,\"name\":\"Tous les articles\"}]},{\"@type\":\"WebSite\",\"@id\":\"https:\\\/\\\/monblog.fuchet.fr\\\/#website\",\"url\":\"https:\\\/\\\/monblog.fuchet.fr\\\/\",\"name\":\"Mon blog\",\"description\":\"Un bon d\u00e9but\",\"publisher\":{\"@id\":\"https:\\\/\\\/monblog.fuchet.fr\\\/#\\\/schema\\\/person\\\/acf0f2e39d55b35bb63df2d7df28744e\"},\"potentialAction\":[{\"@type\":\"SearchAction\",\"target\":{\"@type\":\"EntryPoint\",\"urlTemplate\":\"https:\\\/\\\/monblog.fuchet.fr\\\/?s={search_term_string}\"},\"query-input\":{\"@type\":\"PropertyValueSpecification\",\"valueRequired\":true,\"valueName\":\"search_term_string\"}}],\"inLanguage\":\"fr-FR\"},{\"@type\":[\"Person\",\"Organization\"],\"@id\":\"https:\\\/\\\/monblog.fuchet.fr\\\/#\\\/schema\\\/person\\\/acf0f2e39d55b35bb63df2d7df28744e\",\"name\":\"Fran\u00e7ois\",\"image\":{\"@type\":\"ImageObject\",\"inLanguage\":\"fr-FR\",\"@id\":\"https:\\\/\\\/monblog.fuchet.fr\\\/wp-content\\\/uploads\\\/2019\\\/12\\\/cropped-cropped-banniere-site-1-1.png\",\"url\":\"https:\\\/\\\/monblog.fuchet.fr\\\/wp-content\\\/uploads\\\/2019\\\/12\\\/cropped-cropped-banniere-site-1-1.png\",\"contentUrl\":\"https:\\\/\\\/monblog.fuchet.fr\\\/wp-content\\\/uploads\\\/2019\\\/12\\\/cropped-cropped-banniere-site-1-1.png\",\"width\":1134,\"height\":340,\"caption\":\"Fran\u00e7ois\"},\"logo\":{\"@id\":\"https:\\\/\\\/monblog.fuchet.fr\\\/wp-content\\\/uploads\\\/2019\\\/12\\\/cropped-cropped-banniere-site-1-1.png\"},\"sameAs\":[\"http:\\\/\\\/monblog.fuchet.fr\"]}]}<\/script>\n<!-- \/ Yoast SEO plugin. -->","yoast_head_json":{"title":"Tous les articles - Mon blog","description":"Vous trouverez ici les liste de tous les articles regroup\u00e9s par mois\/ann\u00e9es.","robots":{"index":"index","follow":"follow","max-snippet":"max-snippet:-1","max-image-preview":"max-image-preview:large","max-video-preview":"max-video-preview:-1"},"canonical":"https:\/\/monblog.fuchet.fr\/index.php\/tous-les-articles\/","og_locale":"fr_FR","og_type":"article","og_title":"Tous les articles - Mon blog","og_description":"Vous trouverez ici les liste de tous les articles regroup\u00e9s par mois\/ann\u00e9es.","og_url":"https:\/\/monblog.fuchet.fr\/index.php\/tous-les-articles\/","og_site_name":"Mon blog","article_modified_time":"2026-03-08T19:15:35+00:00","twitter_card":"summary_large_image","schema":{"@context":"https:\/\/schema.org","@graph":[{"@type":"WebPage","@id":"https:\/\/monblog.fuchet.fr\/index.php\/tous-les-articles\/","url":"https:\/\/monblog.fuchet.fr\/index.php\/tous-les-articles\/","name":"Tous les articles - Mon blog","isPartOf":{"@id":"https:\/\/monblog.fuchet.fr\/#website"},"datePublished":"2020-01-31T20:33:56+00:00","dateModified":"2026-03-08T19:15:35+00:00","description":"Vous trouverez ici les liste de tous les articles regroup\u00e9s par mois\/ann\u00e9es.","breadcrumb":{"@id":"https:\/\/monblog.fuchet.fr\/index.php\/tous-les-articles\/#breadcrumb"},"inLanguage":"fr-FR","potentialAction":[{"@type":"ReadAction","target":["https:\/\/monblog.fuchet.fr\/index.php\/tous-les-articles\/"]}]},{"@type":"BreadcrumbList","@id":"https:\/\/monblog.fuchet.fr\/index.php\/tous-les-articles\/#breadcrumb","itemListElement":[{"@type":"ListItem","position":1,"name":"Accueil","item":"https:\/\/monblog.fuchet.fr\/"},{"@type":"ListItem","position":2,"name":"Tous les articles"}]},{"@type":"WebSite","@id":"https:\/\/monblog.fuchet.fr\/#website","url":"https:\/\/monblog.fuchet.fr\/","name":"Mon blog","description":"Un bon d\u00e9but","publisher":{"@id":"https:\/\/monblog.fuchet.fr\/#\/schema\/person\/acf0f2e39d55b35bb63df2d7df28744e"},"potentialAction":[{"@type":"SearchAction","target":{"@type":"EntryPoint","urlTemplate":"https:\/\/monblog.fuchet.fr\/?s={search_term_string}"},"query-input":{"@type":"PropertyValueSpecification","valueRequired":true,"valueName":"search_term_string"}}],"inLanguage":"fr-FR"},{"@type":["Person","Organization"],"@id":"https:\/\/monblog.fuchet.fr\/#\/schema\/person\/acf0f2e39d55b35bb63df2d7df28744e","name":"Fran\u00e7ois","image":{"@type":"ImageObject","inLanguage":"fr-FR","@id":"https:\/\/monblog.fuchet.fr\/wp-content\/uploads\/2019\/12\/cropped-cropped-banniere-site-1-1.png","url":"https:\/\/monblog.fuchet.fr\/wp-content\/uploads\/2019\/12\/cropped-cropped-banniere-site-1-1.png","contentUrl":"https:\/\/monblog.fuchet.fr\/wp-content\/uploads\/2019\/12\/cropped-cropped-banniere-site-1-1.png","width":1134,"height":340,"caption":"Fran\u00e7ois"},"logo":{"@id":"https:\/\/monblog.fuchet.fr\/wp-content\/uploads\/2019\/12\/cropped-cropped-banniere-site-1-1.png"},"sameAs":["http:\/\/monblog.fuchet.fr"]}]}},"_links":{"self":[{"href":"https:\/\/monblog.fuchet.fr\/index.php\/wp-json\/wp\/v2\/pages\/167","targetHints":{"allow":["GET"]}}],"collection":[{"href":"https:\/\/monblog.fuchet.fr\/index.php\/wp-json\/wp\/v2\/pages"}],"about":[{"href":"https:\/\/monblog.fuchet.fr\/index.php\/wp-json\/wp\/v2\/types\/page"}],"author":[{"embeddable":true,"href":"https:\/\/monblog.fuchet.fr\/index.php\/wp-json\/wp\/v2\/users\/2"}],"replies":[{"embeddable":true,"href":"https:\/\/monblog.fuchet.fr\/index.php\/wp-json\/wp\/v2\/comments?post=167"}],"version-history":[{"count":6,"href":"https:\/\/monblog.fuchet.fr\/index.php\/wp-json\/wp\/v2\/pages\/167\/revisions"}],"predecessor-version":[{"id":461,"href":"https:\/\/monblog.fuchet.fr\/index.php\/wp-json\/wp\/v2\/pages\/167\/revisions\/461"}],"wp:attachment":[{"href":"https:\/\/monblog.fuchet.fr\/index.php\/wp-json\/wp\/v2\/media?parent=167"}],"curies":[{"name":"wp","href":"https:\/\/api.w.org\/{rel}","templated":true}]}}